{"id":1522,"date":"2021-12-18T17:56:21","date_gmt":"2021-12-18T16:56:21","guid":{"rendered":"https:\/\/artisan-antiquites.be\/informations-legales\/"},"modified":"2022-09-29T08:59:42","modified_gmt":"2022-09-29T06:59:42","slug":"informations-legales","status":"publish","type":"page","link":"https:\/\/artisan-antiquites.be\/en\/informations-legales\/","title":{"rendered":"Legal information"},"content":{"rendered":"\t\t<div data-elementor-type=\"wp-page\" data-elementor-id=\"1522\" class=\"elementor elementor-1522 elementor-3\">\n\t\t\t\t\t\t<section class=\"elementor-section elementor-top-section elementor-element elementor-element-762e785 elementor-section-boxed elementor-section-height-default elementor-section-height-default\" data-id=\"762e785\" data-element_type=\"section\" data-e-type=\"section\">\n\t\t\t\t\t\t<div class=\"elementor-container elementor-column-gap-default\">\n\t\t\t\t\t<div class=\"elementor-column elementor-col-100 elementor-top-column elementor-element elementor-element-1c9d1b9f\" data-id=\"1c9d1b9f\" data-element_type=\"column\" data-e-type=\"column\">\n\t\t\t<div class=\"elementor-widget-wrap elementor-element-populated\">\n\t\t\t\t\t\t<div class=\"elementor-element elementor-element-348c0a53 elementor-widget elementor-widget-text-editor\" data-id=\"348c0a53\" data-element_type=\"widget\" data-e-type=\"widget\" data-widget_type=\"text-editor.default\">\n\t\t\t\t<div class=\"elementor-widget-container\">\n\t\t\t\t\t\t\t\t\t<p><\/p>\n<h3>Information on privacy and R.G.P.D. regulations\u00a0:<\/h3>\n<p>Samuel Dobbelaere is committed to processing your personal data in a transparent manner and in accordance with the GDPR.<\/p>\n<h6>Who collects your data?<\/h6>\n<p><strong>Samuel Dobbelaere<\/strong><br \/>Restoration and sale of antique furniture and furniture of collection and art<br \/>Chemin du Croiseau 1F &#8211; B-7060 Horrues (Soignies)<br \/>Tel. : 0472 59 73 27<br \/>E-mail\u00a0: <a href=\"mailto:info@artisan-antiquites.be\">info@artisan-antiquites.be<\/a><br \/>Company number: 0539.556.659<\/p>\n<p>The Data Controller and Data Protection Officer is\u00a0:<br \/>Mr Samuel Dobbelaere (<a href=\"mailto:info@artisan-antiquites.be\">info@artisan-antiquites.be<\/a>)<\/p>\n<h6>The private data potentially managed is relatively limited: <\/h6>\n<ul>\n<li>Name and surname of the contact person<\/li>\n<li>Email address of the contact person<\/li>\n<li>Direct telephone number of the contact person<\/li>\n<li>Telephone, mobile phone, Skype or WhatsApp account of the contact person<\/li>\n<\/ul>\n<h6>This data is used solely in the context of the relationship with the customer, for the following purposes:<\/h6>\n<ul>\n<li>Transmission of commercial documents (quotation, order, delivery, invoice)<\/li>\n<li>Communication for a current file<\/li>\n<li>Technical information to be given to the patient<\/li>\n<li>Newsletter<\/li>\n<li>Invitations to events<\/li>\n<li>Communication of this information to subcontractors\/partners who must expressly intervene in a client file<\/li>\n<li>The data is kept in our system, without a defined end date. If the customer wishes to make use of his right to rectification or oblivion, he can do so via the form below.<\/li>\n<\/ul>\n<p>If the personal data is closely related to an issued invoice, Samuel Dobbelaere will retain the data for a period of time that is in line with the legal Belgian accounting period applicable at the time of the request.<\/p>\n<p>The customer may request an inventory of personal data at any time via\u00a0:<a href=\"https:\/\/artisan-antiquites.be\/en\/contact\/\">https:\/\/artisan-antiquites.be\/en\/contact\/<\/a><\/p>\n<h3>Management of private customer data<\/h3>\n<h6>What are your rights?<\/h6>\n<p>Under the General Data Protection Regulation (GDPR), you are entitled to request the deletion of your private data from the various Brunodep management tools. All you have to do is make your request via the form below :<\/p>\n<p><\/p>\t\t\t\t\t\t\t\t<\/div>\n\t\t\t\t<\/div>\n\t\t\t\t<div class=\"elementor-element elementor-element-411b396 elementor-widget elementor-widget-wpforms\" data-id=\"411b396\" data-element_type=\"widget\" data-e-type=\"widget\" data-widget_type=\"wpforms.default\">\n\t\t\t\t<div class=\"elementor-widget-container\">\n\t\t\t\t\t<div class=\"wpforms-container wpforms-container-full\" id=\"wpforms-1597\"><form id=\"wpforms-form-1597\" class=\"wpforms-validate wpforms-form wpforms-ajax-form\" data-formid=\"1597\" method=\"post\" enctype=\"multipart\/form-data\" action=\"\/en\/wp-json\/wp\/v2\/pages\/1522\" data-token=\"8e3568fbee74c39ef983f08d949ff839\" data-token-time=\"1777501839\"><noscript class=\"wpforms-error-noscript\">Please enable JavaScript in your browser to complete this form.<\/noscript><div class=\"wpforms-field-container\"><div id=\"wpforms-1597-field_0-container\" class=\"wpforms-field wpforms-field-name\" data-field-id=\"0\"><label class=\"wpforms-field-label wpforms-label-hide\" for=\"wpforms-1597-field_0\">Name <span class=\"wpforms-required-label\">*<\/span><\/label><div class=\"wpforms-field-row wpforms-field-large\"><div class=\"wpforms-field-row-block wpforms-first wpforms-one-half\"><input type=\"text\" id=\"wpforms-1597-field_0\" class=\"wpforms-field-name-first wpforms-field-required\" name=\"wpforms[fields][0][first]\" placeholder=\"First name\" required><label for=\"wpforms-1597-field_0\" class=\"wpforms-field-sublabel after wpforms-sublabel-hide\">First<\/label><\/div><div class=\"wpforms-field-row-block wpforms-one-half\"><input type=\"text\" id=\"wpforms-1597-field_0-last\" class=\"wpforms-field-name-last wpforms-field-required\" name=\"wpforms[fields][0][last]\" placeholder=\"Last name\" required><label for=\"wpforms-1597-field_0-last\" class=\"wpforms-field-sublabel after wpforms-sublabel-hide\">Last<\/label><\/div><\/div><\/div><div id=\"wpforms-1597-field_1-container\" class=\"wpforms-field wpforms-field-email\" data-field-id=\"1\"><label class=\"wpforms-field-label wpforms-label-hide\" for=\"wpforms-1597-field_1\">Email <span class=\"wpforms-required-label\">*<\/span><\/label><input type=\"email\" id=\"wpforms-1597-field_1\" class=\"wpforms-field-large wpforms-field-required\" name=\"wpforms[fields][1]\" placeholder=\"Your email\" spellcheck=\"false\" required><\/div><div id=\"wpforms-1597-field_4-container\" class=\"wpforms-field wpforms-field-text\" data-field-id=\"4\"><label class=\"wpforms-field-label wpforms-label-hide\" for=\"wpforms-1597-field_4\">Telephone<\/label><input type=\"text\" id=\"wpforms-1597-field_4\" class=\"wpforms-field-large\" name=\"wpforms[fields][4]\" placeholder=\"Telephone number\" ><\/div><div id=\"wpforms-1597-field_2-container\" class=\"wpforms-field wpforms-field-textarea\" data-field-id=\"2\"><label class=\"wpforms-field-label wpforms-label-hide\" for=\"wpforms-1597-field_2\">Message <span class=\"wpforms-required-label\">*<\/span><\/label><textarea id=\"wpforms-1597-field_2\" class=\"wpforms-field-large wpforms-field-required\" name=\"wpforms[fields][2]\" placeholder=\"Your message\" required><\/textarea><\/div><\/div><!-- .wpforms-field-container --><div class=\"wpforms-submit-container\" ><input type=\"hidden\" name=\"wpforms[id]\" value=\"1597\"><input type=\"hidden\" name=\"page_title\" value=\"\"><input type=\"hidden\" name=\"page_url\" value=\"https:\/\/artisan-antiquites.be\/en\/wp-json\/wp\/v2\/pages\/1522\"><input type=\"hidden\" name=\"url_referer\" value=\"\"><button type=\"submit\" name=\"wpforms[submit]\" id=\"wpforms-submit-1597\" class=\"wpforms-submit\" data-alt-text=\"Envoi en cours ...\" data-submit-text=\"Send\" aria-live=\"assertive\" value=\"wpforms-submit\">Send<\/button><img decoding=\"async\" src=\"https:\/\/artisan-antiquites.be\/wp-content\/plugins\/wpforms-lite\/assets\/images\/submit-spin.svg\" class=\"wpforms-submit-spinner\" style=\"display: none;\" width=\"26\" height=\"26\" alt=\"Loading\"><\/div><\/form><\/div>  <!-- .wpforms-container -->\t\t\t\t<\/div>\n\t\t\t\t<\/div>\n\t\t\t\t\t<\/div>\n\t\t<\/div>\n\t\t\t\t\t<\/div>\n\t\t<\/section>\n\t\t\t\t<\/div>\n\t\t","protected":false},"excerpt":{"rendered":"<p>Information on privacy and R.G.P.D. regulations\u00a0: Samuel Dobbelaere is committed to processing your personal data in a transparent manner and in accordance with the GDPR. Who collects your data? Samuel DobbelaereRestoration and sale of antique furniture and furniture of collection and artChemin du Croiseau 1F &#8211; B-7060 Horrues (Soignies)Tel. : 0472 59 73 27E-mail\u00a0: info@artisan-antiquites.beCompany&hellip;<\/p>\n","protected":false},"author":1,"featured_media":0,"parent":0,"menu_order":0,"comment_status":"closed","ping_status":"closed","template":"","meta":{"footnotes":""},"class_list":["post-1522","page","type-page","status-publish","hentry"],"yoast_head":"<!-- This site is optimized with the Yoast SEO plugin v22.5 - https:\/\/yoast.com\/wordpress\/plugins\/seo\/ -->\n<title>Legal information - Artisan antiquit\u00e9s<\/title>\n<meta name=\"description\" content=\"Vous souhaitez acheter du mobilier d&#039;antiquit\u00e9 ? Vous recherchez un meuble de collection \u00e0 prix raisonnable ? Un meuble ancien restaur\u00e9 ou non ? Fiez-vous \u00e0 artisan antiquit\u00e9s.\" \/>\n<meta name=\"robots\" content=\"index, follow, max-snippet:-1, max-image-preview:large, max-video-preview:-1\" \/>\n<link rel=\"canonical\" href=\"https:\/\/artisan-antiquites.be\/en\/informations-legales\/\" \/>\n<meta property=\"og:locale\" content=\"en_US\" \/>\n<meta property=\"og:type\" content=\"article\" \/>\n<meta property=\"og:title\" content=\"Legal information - Artisan antiquit\u00e9s\" \/>\n<meta property=\"og:description\" content=\"Vous souhaitez acheter du mobilier d&#039;antiquit\u00e9 ? Vous recherchez un meuble de collection \u00e0 prix raisonnable ? Un meuble ancien restaur\u00e9 ou non ? Fiez-vous \u00e0 artisan antiquit\u00e9s.\" \/>\n<meta property=\"og:url\" content=\"https:\/\/artisan-antiquites.be\/en\/informations-legales\/\" \/>\n<meta property=\"og:site_name\" content=\"Artisan antiquit\u00e9s\" \/>\n<meta property=\"article:modified_time\" content=\"2022-09-29T06:59:42+00:00\" \/>\n<meta name=\"twitter:card\" content=\"summary_large_image\" \/>\n<meta name=\"twitter:label1\" content=\"Est. reading time\" \/>\n\t<meta name=\"twitter:data1\" content=\"2 minutes\" \/>\n<script type=\"application\/ld+json\" class=\"yoast-schema-graph\">{\"@context\":\"https:\/\/schema.org\",\"@graph\":[{\"@type\":\"WebPage\",\"@id\":\"https:\/\/artisan-antiquites.be\/en\/informations-legales\/\",\"url\":\"https:\/\/artisan-antiquites.be\/en\/informations-legales\/\",\"name\":\"Legal information - Artisan antiquit\u00e9s\",\"isPartOf\":{\"@id\":\"https:\/\/artisan-antiquites.be\/en\/#website\"},\"datePublished\":\"2021-12-18T16:56:21+00:00\",\"dateModified\":\"2022-09-29T06:59:42+00:00\",\"description\":\"Vous souhaitez acheter du mobilier d'antiquit\u00e9 ? Vous recherchez un meuble de collection \u00e0 prix raisonnable ? Un meuble ancien restaur\u00e9 ou non ? Fiez-vous \u00e0 artisan antiquit\u00e9s.\",\"breadcrumb\":{\"@id\":\"https:\/\/artisan-antiquites.be\/en\/informations-legales\/#breadcrumb\"},\"inLanguage\":\"en-US\",\"potentialAction\":[{\"@type\":\"ReadAction\",\"target\":[\"https:\/\/artisan-antiquites.be\/en\/informations-legales\/\"]}]},{\"@type\":\"BreadcrumbList\",\"@id\":\"https:\/\/artisan-antiquites.be\/en\/informations-legales\/#breadcrumb\",\"itemListElement\":[{\"@type\":\"ListItem\",\"position\":1,\"name\":\"Accueil\",\"item\":\"https:\/\/artisan-antiquites.be\/en\/\"},{\"@type\":\"ListItem\",\"position\":2,\"name\":\"Legal information\"}]},{\"@type\":\"WebSite\",\"@id\":\"https:\/\/artisan-antiquites.be\/en\/#website\",\"url\":\"https:\/\/artisan-antiquites.be\/en\/\",\"name\":\"Artisan antiquit\u00e9s\",\"description\":\"Restauration et vente de mobiliers d&#039;antiquit\u00e9 et de collection\",\"publisher\":{\"@id\":\"https:\/\/artisan-antiquites.be\/en\/#organization\"},\"potentialAction\":[{\"@type\":\"SearchAction\",\"target\":{\"@type\":\"EntryPoint\",\"urlTemplate\":\"https:\/\/artisan-antiquites.be\/en\/?s={search_term_string}\"},\"query-input\":\"required name=search_term_string\"}],\"inLanguage\":\"en-US\"},{\"@type\":\"Organization\",\"@id\":\"https:\/\/artisan-antiquites.be\/en\/#organization\",\"name\":\"Artisan antiquit\u00e9s\",\"url\":\"https:\/\/artisan-antiquites.be\/en\/\",\"logo\":{\"@type\":\"ImageObject\",\"inLanguage\":\"en-US\",\"@id\":\"https:\/\/artisan-antiquites.be\/en\/#\/schema\/logo\/image\/\",\"url\":\"https:\/\/artisan-antiquites.be\/wp-content\/uploads\/2022\/05\/Logo.png\",\"contentUrl\":\"https:\/\/artisan-antiquites.be\/wp-content\/uploads\/2022\/05\/Logo.png\",\"width\":218,\"height\":36,\"caption\":\"Artisan antiquit\u00e9s\"},\"image\":{\"@id\":\"https:\/\/artisan-antiquites.be\/en\/#\/schema\/logo\/image\/\"}}]}<\/script>\n<!-- \/ Yoast SEO plugin. -->","yoast_head_json":{"title":"Legal information - Artisan antiquit\u00e9s","description":"Vous souhaitez acheter du mobilier d'antiquit\u00e9 ? Vous recherchez un meuble de collection \u00e0 prix raisonnable ? Un meuble ancien restaur\u00e9 ou non ? Fiez-vous \u00e0 artisan antiquit\u00e9s.","robots":{"index":"index","follow":"follow","max-snippet":"max-snippet:-1","max-image-preview":"max-image-preview:large","max-video-preview":"max-video-preview:-1"},"canonical":"https:\/\/artisan-antiquites.be\/en\/informations-legales\/","og_locale":"en_US","og_type":"article","og_title":"Legal information - Artisan antiquit\u00e9s","og_description":"Vous souhaitez acheter du mobilier d'antiquit\u00e9 ? Vous recherchez un meuble de collection \u00e0 prix raisonnable ? Un meuble ancien restaur\u00e9 ou non ? Fiez-vous \u00e0 artisan antiquit\u00e9s.","og_url":"https:\/\/artisan-antiquites.be\/en\/informations-legales\/","og_site_name":"Artisan antiquit\u00e9s","article_modified_time":"2022-09-29T06:59:42+00:00","twitter_card":"summary_large_image","twitter_misc":{"Est. reading time":"2 minutes"},"schema":{"@context":"https:\/\/schema.org","@graph":[{"@type":"WebPage","@id":"https:\/\/artisan-antiquites.be\/en\/informations-legales\/","url":"https:\/\/artisan-antiquites.be\/en\/informations-legales\/","name":"Legal information - Artisan antiquit\u00e9s","isPartOf":{"@id":"https:\/\/artisan-antiquites.be\/en\/#website"},"datePublished":"2021-12-18T16:56:21+00:00","dateModified":"2022-09-29T06:59:42+00:00","description":"Vous souhaitez acheter du mobilier d'antiquit\u00e9 ? Vous recherchez un meuble de collection \u00e0 prix raisonnable ? Un meuble ancien restaur\u00e9 ou non ? Fiez-vous \u00e0 artisan antiquit\u00e9s.","breadcrumb":{"@id":"https:\/\/artisan-antiquites.be\/en\/informations-legales\/#breadcrumb"},"inLanguage":"en-US","potentialAction":[{"@type":"ReadAction","target":["https:\/\/artisan-antiquites.be\/en\/informations-legales\/"]}]},{"@type":"BreadcrumbList","@id":"https:\/\/artisan-antiquites.be\/en\/informations-legales\/#breadcrumb","itemListElement":[{"@type":"ListItem","position":1,"name":"Accueil","item":"https:\/\/artisan-antiquites.be\/en\/"},{"@type":"ListItem","position":2,"name":"Legal information"}]},{"@type":"WebSite","@id":"https:\/\/artisan-antiquites.be\/en\/#website","url":"https:\/\/artisan-antiquites.be\/en\/","name":"Artisan antiquit\u00e9s","description":"Restauration et vente de mobiliers d&#039;antiquit\u00e9 et de collection","publisher":{"@id":"https:\/\/artisan-antiquites.be\/en\/#organization"},"potentialAction":[{"@type":"SearchAction","target":{"@type":"EntryPoint","urlTemplate":"https:\/\/artisan-antiquites.be\/en\/?s={search_term_string}"},"query-input":"required name=search_term_string"}],"inLanguage":"en-US"},{"@type":"Organization","@id":"https:\/\/artisan-antiquites.be\/en\/#organization","name":"Artisan antiquit\u00e9s","url":"https:\/\/artisan-antiquites.be\/en\/","logo":{"@type":"ImageObject","inLanguage":"en-US","@id":"https:\/\/artisan-antiquites.be\/en\/#\/schema\/logo\/image\/","url":"https:\/\/artisan-antiquites.be\/wp-content\/uploads\/2022\/05\/Logo.png","contentUrl":"https:\/\/artisan-antiquites.be\/wp-content\/uploads\/2022\/05\/Logo.png","width":218,"height":36,"caption":"Artisan antiquit\u00e9s"},"image":{"@id":"https:\/\/artisan-antiquites.be\/en\/#\/schema\/logo\/image\/"}}]}},"_links":{"self":[{"href":"https:\/\/artisan-antiquites.be\/en\/wp-json\/wp\/v2\/pages\/1522","targetHints":{"allow":["GET"]}}],"collection":[{"href":"https:\/\/artisan-antiquites.be\/en\/wp-json\/wp\/v2\/pages"}],"about":[{"href":"https:\/\/artisan-antiquites.be\/en\/wp-json\/wp\/v2\/types\/page"}],"author":[{"embeddable":true,"href":"https:\/\/artisan-antiquites.be\/en\/wp-json\/wp\/v2\/users\/1"}],"replies":[{"embeddable":true,"href":"https:\/\/artisan-antiquites.be\/en\/wp-json\/wp\/v2\/comments?post=1522"}],"version-history":[{"count":4,"href":"https:\/\/artisan-antiquites.be\/en\/wp-json\/wp\/v2\/pages\/1522\/revisions"}],"predecessor-version":[{"id":1603,"href":"https:\/\/artisan-antiquites.be\/en\/wp-json\/wp\/v2\/pages\/1522\/revisions\/1603"}],"wp:attachment":[{"href":"https:\/\/artisan-antiquites.be\/en\/wp-json\/wp\/v2\/media?parent=1522"}],"curies":[{"name":"wp","href":"https:\/\/api.w.org\/{rel}","templated":true}]}}